{"id":36315,"date":"2025-09-30T23:05:05","date_gmt":"2025-10-01T02:05:05","guid":{"rendered":"https:\/\/cppaanb.ca\/fr\/?page_id=36315"},"modified":"2025-09-30T23:49:41","modified_gmt":"2025-10-01T02:49:41","slug":"projet-karibu","status":"publish","type":"page","link":"https:\/\/cppaanb.ca\/fr\/projet-karibu\/","title":{"rendered":"Projet Karibu"},"content":{"rendered":"\t\t<div data-elementor-type=\"wp-page\" data-elementor-id=\"36315\" class=\"elementor elementor-36315\">\n\t\t\t\t<div class=\"elementor-element elementor-element-4c0f83f5 e-flex e-con-boxed e-con e-parent\" data-id=\"4c0f83f5\" data-element_type=\"container\">\n\t\t\t\t\t<div class=\"e-con-inner\">\n\t\t\t\t<div class=\"elementor-element elementor-element-7201303f elementor-widget elementor-widget-heading\" data-id=\"7201303f\" data-element_type=\"widget\" data-widget_type=\"heading.default\">\n\t\t\t\t<div class=\"elementor-widget-container\">\n\t\t\t<style>\/*! elementor - v3.21.0 - 08-05-2024 *\/\n.elementor-heading-title{padding:0;margin:0;line-height:1}.elementor-widget-heading .elementor-heading-title[class*=elementor-size-]>a{color:inherit;font-size:inherit;line-height:inherit}.elementor-widget-heading .elementor-heading-title.elementor-size-small{font-size:15px}.elementor-widget-heading .elementor-heading-title.elementor-size-medium{font-size:19px}.elementor-widget-heading .elementor-heading-title.elementor-size-large{font-size:29px}.elementor-widget-heading .elementor-heading-title.elementor-size-xl{font-size:39px}.elementor-widget-heading .elementor-heading-title.elementor-size-xxl{font-size:59px}<\/style><h1 class=\"elementor-heading-title elementor-size-default\">Projet KARIBU<\/h1>\t\t<\/div>\n\t\t\t\t<\/div>\n\t\t\t\t\t<\/div>\n\t\t\t\t<\/div>\n\t\t<div class=\"elementor-element elementor-element-7db9bf9 e-flex e-con-boxed e-con e-parent\" data-id=\"7db9bf9\" data-element_type=\"container\">\n\t\t\t\t\t<div class=\"e-con-inner\">\n\t\t\t\t<div class=\"elementor-element elementor-element-2bb4fe2 elementor-widget elementor-widget-heading\" data-id=\"2bb4fe2\" data-element_type=\"widget\" data-widget_type=\"heading.default\">\n\t\t\t\t<div class=\"elementor-widget-container\">\n\t\t\t<h5 class=\"elementor-heading-title elementor-size-default\">Ensemble, b\u00e2tissons un Nouveau-Brunswick \u00e9quitable<\/h5>\t\t<\/div>\n\t\t\t\t<\/div>\n\t\t\t\t\t<\/div>\n\t\t\t\t<\/div>\n\t\t\t\t<section class=\"elementor-section elementor-top-section elementor-element elementor-element-4614fbd9 elementor-section-boxed elementor-section-height-default elementor-section-height-default\" data-id=\"4614fbd9\" data-element_type=\"section\">\n\t\t\t\t\t\t<div class=\"elementor-container elementor-column-gap-default\">\n\t\t\t\t\t<div class=\"elementor-column elementor-col-100 elementor-top-column elementor-element elementor-element-250aef4\" data-id=\"250aef4\" data-element_type=\"column\">\n\t\t\t<div class=\"elementor-widget-wrap elementor-element-populated\">\n\t\t\t\t\t\t<div class=\"elementor-element elementor-element-3a030834 elementor-widget elementor-widget-text-editor\" data-id=\"3a030834\" data-element_type=\"widget\" data-widget_type=\"text-editor.default\">\n\t\t\t\t<div class=\"elementor-widget-container\">\n\t\t\t<style>\/*! elementor - v3.21.0 - 08-05-2024 *\/\n.elementor-widget-text-editor.elementor-drop-cap-view-stacked .elementor-drop-cap{background-color:#69727d;color:#fff}.elementor-widget-text-editor.elementor-drop-cap-view-framed .elementor-drop-cap{color:#69727d;border:3px solid;background-color:transparent}.elementor-widget-text-editor:not(.elementor-drop-cap-view-default) .elementor-drop-cap{margin-top:8px}.elementor-widget-text-editor:not(.elementor-drop-cap-view-default) .elementor-drop-cap-letter{width:1em;height:1em}.elementor-widget-text-editor .elementor-drop-cap{float:left;text-align:center;line-height:1;font-size:50px}.elementor-widget-text-editor .elementor-drop-cap-letter{display:inline-block}<\/style>\t\t\t\t<p><strong><span class=\"selected\">Pourquoi KARIBU ?<\/span><\/strong><\/p><p><span class=\"selected\">Le Nouveau-Brunswick est \u00e0 un tournant. Trop longtemps, le racisme syst\u00e9mique a fa\u00e7onn\u00e9 les parcours de vie de nombreuses personnes racis\u00e9es.<\/span><\/p><p><span class=\"selected\">Aujourd&rsquo;hui, il est temps de transformer nos institutions et nos pratiques pour b\u00e2tir une soci\u00e9t\u00e9 plus juste et inclusive.<\/span><\/p><p><strong><span class=\"selected\">D&rsquo;o\u00f9 partons-nous ?<\/span><\/strong><\/p><p><span class=\"selected\">En 2022, la commissaire Manju Varma a publi\u00e9 un rapport majeur avec 86 recommandations pour lutter contre le racisme syst\u00e9mique.<\/span><\/p><p><span class=\"selected\">Pourtant, aucun plan d&rsquo;action concret n&rsquo;a encore \u00e9t\u00e9 mis en place.<\/span><\/p><p><strong><span class=\"selected\">Notre objectif<\/span><\/strong><\/p><p><span class=\"selected\">Passer de la connaissance \u00e0 l&rsquo;action. Avec KARIBU, nous lan\u00e7ons une consultation citoyenne pour:<\/span><\/p><ul><li><p><span class=\"selected\">Identifier les recommandations les plus urgentes.<\/span><\/p><\/li><li><p><span class=\"selected\">Pr\u00e9parer un plan d&rsquo;action prioris\u00e9.<\/span><\/p><\/li><li><p><span class=\"selected\">Soumettre ce plan au gouvernement provincial.<\/span><\/p><\/li><\/ul><p><strong><span class=\"selected\">Comment participer ?<\/span><\/strong><\/p><ul><li><p><strong><span class=\"selected\">\u00c9tape 1:<\/span><\/strong><span class=\"selected\"> Consultez les recommandations de votre secteur.<\/span><\/p><\/li><li><p><strong><span class=\"selected\">\u00c9tape 2:<\/span><\/strong><span class=\"selected\"> Choisissez les 3 plus prioritaires.<\/span><\/p><\/li><li><p><strong><span class=\"selected\">\u00c9tape 3:<\/span><\/strong><span class=\"selected\"> Participez \u00e0 notre sondage en ligne <em><a href=\"https:\/\/forms.gle\/u7vhu1vSWNZyEYMd8\">ici<\/a><\/em>.<\/span><\/p><\/li><li><p><strong><span class=\"selected\">\u00c9tape 4: <\/span><\/strong>Des consultations communautaires auront lieu dans 5 r\u00e9gions: Bathurst, Fredericton, Edmundston, Moncton et Saint John.<\/p><\/li><\/ul><p><strong><span class=\"selected\">Une responsabilit\u00e9 partag\u00e9e<\/span><\/strong><\/p><p><span class=\"selected\">La lutte contre le racisme syst\u00e9mique n&rsquo;incombe pas uniquement aux victimes. Elle engage:<\/span><\/p><ul><li><p><span class=\"selected\">Les gouvernements<\/span><\/p><\/li><li><p><span class=\"selected\">Les organismes publics et milieux de sant\u00e9<\/span><\/p><\/li><li><p><span class=\"selected\">Les institutions d&rsquo;enseignement<\/span><\/p><\/li><li><p><span class=\"selected\">Les secteurs de la justice et du logement<\/span><\/p><\/li><li><p><span class=\"selected\">Les milieux de travail<\/span><\/p><\/li><\/ul><p><strong><span class=\"selected\">L&rsquo;heure est \u00e0 la transformation<\/span><\/strong><\/p><p><span class=\"selected\">Nos communaut\u00e9s n&rsquo;attendront plus. L&rsquo;histoire retiendra non nos discours, mais notre capacit\u00e9 \u00e0 agir.<\/span><\/p><p><strong><span class=\"selected\">Merci \u00e0 nos partenaires<\/span><\/strong><\/p><p><span class=\"selected\">Ce projet est rendu possible gr\u00e2ce au soutien de la Fondation canadienne des relations raciales.<\/span><\/p>\t\t\t\t\t\t<\/div>\n\t\t\t\t<\/div>\n\t\t\t\t\t<\/div>\n\t\t<\/div>\n\t\t\t\t\t<\/div>\n\t\t<\/section>\n\t\t\t\t<section class=\"elementor-section elementor-top-section elementor-element elementor-element-7dbc27f3 elementor-section-boxed elementor-section-height-default elementor-section-height-default\" data-id=\"7dbc27f3\" data-element_type=\"section\">\n\t\t\t\t\t\t<div class=\"elementor-container elementor-column-gap-default\">\n\t\t\t\t\t<div class=\"elementor-column elementor-col-100 elementor-top-column elementor-element elementor-element-7d8581ec\" data-id=\"7d8581ec\" data-element_type=\"column\">\n\t\t\t<div class=\"elementor-widget-wrap elementor-element-populated\">\n\t\t\t\t\t\t<div class=\"elementor-element elementor-element-3bdc5b13 elementor-widget elementor-widget-image\" data-id=\"3bdc5b13\" data-element_type=\"widget\" data-widget_type=\"image.default\">\n\t\t\t\t<div class=\"elementor-widget-container\">\n\t\t\t<style>\/*! elementor - v3.21.0 - 08-05-2024 *\/\n.elementor-widget-image{text-align:center}.elementor-widget-image a{display:inline-block}.elementor-widget-image a img[src$=\".svg\"]{width:48px}.elementor-widget-image img{vertical-align:middle;display:inline-block}<\/style>\t\t\t\t\t\t\t\t\t\t\t<a href=\"https:\/\/cppaanb.ca\/fr\/wp-content\/uploads\/2025\/09\/crrf-logo-english-full-colour.png\" data-elementor-open-lightbox=\"yes\" data-elementor-lightbox-title=\"crrf-logo-english-full-colour\" data-e-action-hash=\"#elementor-action%3Aaction%3Dlightbox%26settings%3DeyJpZCI6MzYzMDEsInVybCI6Imh0dHBzOlwvXC9jcHBhYW5iLmNhXC9mclwvd3AtY29udGVudFwvdXBsb2Fkc1wvMjAyNVwvMDlcL2NycmYtbG9nby1lbmdsaXNoLWZ1bGwtY29sb3VyLnBuZyJ9\">\n\t\t\t\t\t\t\t<img fetchpriority=\"high\" decoding=\"async\" width=\"914\" height=\"306\" src=\"https:\/\/cppaanb.ca\/fr\/wp-content\/uploads\/2025\/09\/crrf-logo-english-full-colour.png\" class=\"attachment-2048x2048 size-2048x2048 wp-image-36301\" alt=\"\" srcset=\"https:\/\/cppaanb.ca\/fr\/wp-content\/uploads\/2025\/09\/crrf-logo-english-full-colour.png 914w, https:\/\/cppaanb.ca\/fr\/wp-content\/uploads\/2025\/09\/crrf-logo-english-full-colour-768x257.png 768w\" sizes=\"(max-width: 914px) 100vw, 914px\" \/>\t\t\t\t\t\t\t\t<\/a>\n\t\t\t\t\t\t\t\t\t\t\t\t\t<\/div>\n\t\t\t\t<\/div>\n\t\t\t\t\t<\/div>\n\t\t<\/div>\n\t\t\t\t\t<\/div>\n\t\t<\/section>\n\t\t\t\t<section class=\"elementor-section elementor-top-section elementor-element elementor-element-8661f31 elementor-section-boxed elementor-section-height-default elementor-section-height-default\" data-id=\"8661f31\" data-element_type=\"section\">\n\t\t\t\t\t\t<div class=\"elementor-container elementor-column-gap-default\">\n\t\t\t\t\t<div class=\"elementor-column elementor-col-100 elementor-top-column elementor-element elementor-element-6c173588\" data-id=\"6c173588\" data-element_type=\"column\">\n\t\t\t<div class=\"elementor-widget-wrap\">\n\t\t\t\t\t\t\t<\/div>\n\t\t<\/div>\n\t\t\t\t\t<\/div>\n\t\t<\/section>\n\t\t\t\t<\/div>\n\t\t","protected":false},"excerpt":{"rendered":"<p>Projet KARIBU Ensemble, b\u00e2tissons un Nouveau-Brunswick \u00e9quitable Pourquoi KARIBU ? Le Nouveau-Brunswick est \u00e0 un tournant. Trop longtemps, le racisme..<\/p>\n","protected":false},"author":1,"featured_media":0,"parent":0,"menu_order":0,"comment_status":"closed","ping_status":"closed","template":"","meta":{"footnotes":""},"class_list":["post-36315","page","type-page","status-publish","hentry"],"_links":{"self":[{"href":"https:\/\/cppaanb.ca\/fr\/wp-json\/wp\/v2\/pages\/36315","targetHints":{"allow":["GET"]}}],"collection":[{"href":"https:\/\/cppaanb.ca\/fr\/wp-json\/wp\/v2\/pages"}],"about":[{"href":"https:\/\/cppaanb.ca\/fr\/wp-json\/wp\/v2\/types\/page"}],"author":[{"embeddable":true,"href":"https:\/\/cppaanb.ca\/fr\/wp-json\/wp\/v2\/users\/1"}],"replies":[{"embeddable":true,"href":"https:\/\/cppaanb.ca\/fr\/wp-json\/wp\/v2\/comments?post=36315"}],"version-history":[{"count":13,"href":"https:\/\/cppaanb.ca\/fr\/wp-json\/wp\/v2\/pages\/36315\/revisions"}],"predecessor-version":[{"id":36343,"href":"https:\/\/cppaanb.ca\/fr\/wp-json\/wp\/v2\/pages\/36315\/revisions\/36343"}],"wp:attachment":[{"href":"https:\/\/cppaanb.ca\/fr\/wp-json\/wp\/v2\/media?parent=36315"}],"curies":[{"name":"wp","href":"https:\/\/api.w.org\/{rel}","templated":true}]}}