{"id":16225,"date":"2022-07-13T11:11:40","date_gmt":"2022-07-13T11:11:40","guid":{"rendered":"https:\/\/cea.zozothemes.com\/igual\/blog-grid-copy-copy-copy\/"},"modified":"2023-11-08T14:07:28","modified_gmt":"2023-11-08T18:07:28","slug":"news-infos","status":"publish","type":"page","link":"https:\/\/cppaanb.ca\/en\/news-infos\/","title":{"rendered":"News"},"content":{"rendered":"\t\t<div data-elementor-type=\"wp-page\" data-elementor-id=\"16225\" class=\"elementor elementor-16225\">\n\t\t\t\t<div class=\"elementor-element elementor-element-9ddec59 e-flex e-con-boxed e-con e-parent\" data-id=\"9ddec59\" data-element_type=\"container\">\n\t\t\t\t\t<div class=\"e-con-inner\">\n\t\t\t\t<div class=\"elementor-element elementor-element-0870ef0 animated-fast cea-tablet-align-center cea-mobile-align-center cea-align-center cea-separator-type-normal elementor-invisible elementor-widget elementor-widget-ceasectiontitle\" data-id=\"0870ef0\" data-element_type=\"widget\" data-settings=\"{&quot;_animation&quot;:&quot;fadeInUp&quot;}\" data-widget_type=\"ceasectiontitle.default\">\n\t\t\t\t<div class=\"elementor-widget-container\">\n\t\t\t<div class=\"section-title-wrapper\"><div class=\"title-wrap\"><div class=\"sub-title\">Blog - Articles - News<\/div><h2 class=\"section-title\">Lastest Updates of Our Blog<\/h2><div class=\"elementor-divider\"><span class=\"elementor-divider-separator\"><\/span><\/div><\/div><!-- .title-wrap --><div class=\"section-description\"><\/div><!-- .section-description --><\/div><!-- .section-title-wrapper -->\t\t<\/div>\n\t\t\t\t<\/div>\n\t\t\t\t\t<\/div>\n\t\t\t\t<\/div>\n\t\t\t\t<section class=\"elementor-section elementor-top-section elementor-element elementor-element-850a2bd elementor-section-boxed elementor-section-height-default elementor-section-height-default\" data-id=\"850a2bd\" data-element_type=\"section\">\n\t\t\t\t\t\t<div class=\"elementor-container elementor-column-gap-default\">\n\t\t\t\t\t<div class=\"elementor-column elementor-col-100 elementor-top-column elementor-element elementor-element-13baa593\" data-id=\"13baa593\" data-element_type=\"column\">\n\t\t\t<div class=\"elementor-widget-wrap elementor-element-populated\">\n\t\t\t\t\t\t<div class=\"elementor-element elementor-element-5cdca58 elementor-invisible elementor-widget elementor-widget-ceaposts\" data-id=\"5cdca58\" data-element_type=\"widget\" data-settings=\"{&quot;_animation&quot;:&quot;fadeIn&quot;,&quot;_animation_delay&quot;:650}\" data-widget_type=\"ceaposts.default\">\n\t\t\t\t\r\n\t\t<div class=\"elementor-widget-container blog-wrapper blog-style-default blog-light blog-slide-model\">\r\n\t\t\r\n\t\t\t<div class=\"cea-carousel owl-carousel\" data-loop=\"1\" data-margin=\"30\" data-center=\"0\" data-nav=\"0\" data-dots=\"1\" data-autoplay=\"1\" data-items=\"3\" data-items-tab=\"1\" data-items-mob=\"1\" data-duration=\"5000\" data-smartspeed=\"250\" data-scrollby=\"1\" data-autoheight=\"0\"><div class=\"owl-carousel-item\"><div class=\"blog-inner\"><div class=\"post-thumb\"><a href=\"https:\/\/cppaanb.ca\/en\/first-black-president-nb-human-rights\/\" class=\"post-image-link\"><img decoding=\"async\" src=\"https:\/\/cppaanb.ca\/en\/wp-content\/uploads\/elementor\/thumbs\/blog-m-qddylnci8vzbv9rgohc443czmau9r7qk0mq1dlqrg8.jpg\" title=\"blog-m\" alt=\"\" class=\"img-fluid squared\" \/><\/a><\/div><!-- .post-thumb --><div class=\"top-meta clearfix\"><ul class=\"nav top-meta-list meta-left\"><li><div class=\"post-category\"><span class=\"before-icon fa fa-folder-o\"><\/span><a href=\"https:\/\/cppaanb.ca\/en\/category\/community\/\">Community<\/a><\/div><\/li><li><div class=\"post-date\"><a href=\"https:\/\/cppaanb.ca\/en\/2023\/06\/19\/\" ><i class=\"icon icon-calendar\"><\/i> June 19, 2023<\/a><\/div><\/li><\/ul><\/div><div class=\"entry-title\"><h3 class=\"post-title-head\"><a href=\"https:\/\/cppaanb.ca\/en\/first-black-president-nb-human-rights\/\" class=\"post-title\">First Black President of the NB Human Rights Commission<\/a><\/h3><\/div><!-- .entry-title --><div class=\"bottom-meta clearfix\"><ul class=\"nav bottom-meta-list meta-left\"><li><div class=\"post-more\"><a href=\"https:\/\/cppaanb.ca\/en\/first-black-president-nb-human-rights\/\" class=\"read-more elementor-button\">Learn More<\/a><\/div><\/li><\/ul><\/div><\/div><!-- .blog-inner --><\/div><!-- .col \/ .owl-carousel-item \/ .isotope --><div class=\"owl-carousel-item\"><div class=\"blog-inner\"><div class=\"post-thumb\"><a href=\"https:\/\/cppaanb.ca\/en\/journee-de-lemancipation-canada\/\" class=\"post-image-link\"><img decoding=\"async\" src=\"https:\/\/cppaanb.ca\/en\/wp-content\/uploads\/elementor\/thumbs\/log03-1-qde0uenbfgj7d6gg3w16u7poz2sk31cc4ciuqg02uw.jpg\" title=\"log03 (1)\" alt=\"\" class=\"img-fluid squared img-fluid squared\" \/><\/a><\/div><!-- .post-thumb --><div class=\"top-meta clearfix\"><ul class=\"nav top-meta-list meta-left\"><li><div class=\"post-category\"><span class=\"before-icon fa fa-folder-o\"><\/span><a href=\"https:\/\/cppaanb.ca\/en\/category\/diversity\/\">Diversity<\/a>,<a href=\"https:\/\/cppaanb.ca\/en\/category\/inclusion\/\">Inclusion<\/a><\/div><\/li><li><div class=\"post-date\"><a href=\"https:\/\/cppaanb.ca\/en\/2023\/08\/01\/\" ><i class=\"icon icon-calendar\"><\/i> August 1, 2023<\/a><\/div><\/li><\/ul><\/div><div class=\"entry-title\"><h3 class=\"post-title-head\"><a href=\"https:\/\/cppaanb.ca\/en\/journee-de-lemancipation-canada\/\" class=\"post-title\">Le Canada c\u00e9l\u00e8bre la Journ\u00e9e de l&#8217;\u00e9mancipation<\/a><\/h3><\/div><!-- .entry-title --><div class=\"bottom-meta clearfix\"><ul class=\"nav bottom-meta-list meta-left\"><li><div class=\"post-more\"><a href=\"https:\/\/cppaanb.ca\/en\/journee-de-lemancipation-canada\/\" class=\"read-more elementor-button\">Learn More<\/a><\/div><\/li><\/ul><\/div><\/div><!-- .blog-inner --><\/div><!-- .col \/ .owl-carousel-item \/ .isotope --><div class=\"owl-carousel-item\"><div class=\"blog-inner\"><div class=\"post-thumb\"><a href=\"https:\/\/cppaanb.ca\/en\/international-day-african-descent\/\" class=\"post-image-link\"><img decoding=\"async\" src=\"https:\/\/cppaanb.ca\/en\/wp-content\/uploads\/elementor\/thumbs\/blog-7-qde03wl4qm960yy9uxmv1egu0zf0294s56d0mlaoag.jpg\" title=\"blog-7\" alt=\"\" class=\"img-fluid squared img-fluid squared img-fluid squared\" \/><\/a><\/div><!-- .post-thumb --><div class=\"top-meta clearfix\"><ul class=\"nav top-meta-list meta-left\"><li><div class=\"post-category\"><span class=\"before-icon fa fa-folder-o\"><\/span><a href=\"https:\/\/cppaanb.ca\/en\/category\/diversity\/\">Diversity<\/a>,<a href=\"https:\/\/cppaanb.ca\/en\/category\/inclusion\/\">Inclusion<\/a><\/div><\/li><li><div class=\"post-date\"><a href=\"https:\/\/cppaanb.ca\/en\/2023\/08\/31\/\" ><i class=\"icon icon-calendar\"><\/i> August 31, 2023<\/a><\/div><\/li><\/ul><\/div><div class=\"entry-title\"><h3 class=\"post-title-head\"><a href=\"https:\/\/cppaanb.ca\/en\/international-day-african-descent\/\" class=\"post-title\">International Day of African&#8217;s Descent<\/a><\/h3><\/div><!-- .entry-title --><div class=\"bottom-meta clearfix\"><ul class=\"nav bottom-meta-list meta-left\"><li><div class=\"post-more\"><a href=\"https:\/\/cppaanb.ca\/en\/international-day-african-descent\/\" class=\"read-more elementor-button\">Learn More<\/a><\/div><\/li><\/ul><\/div><\/div><!-- .blog-inner --><\/div><!-- .col \/ .owl-carousel-item \/ .isotope --><div class=\"owl-carousel-item\"><div class=\"blog-inner\"><div class=\"post-thumb\"><a href=\"https:\/\/cppaanb.ca\/en\/canada-national-truth-reconciliation-day\/\" class=\"post-image-link\"><img decoding=\"async\" src=\"https:\/\/cppaanb.ca\/en\/wp-content\/uploads\/elementor\/thumbs\/reconciliation-day-qddzfp8qr74d2g3y6yzpc0cjcspquu1ltdlwr36mig.jpg\" title=\"reconciliation-day\" alt=\"\" class=\"img-fluid squared img-fluid squared img-fluid squared img-fluid squared\" \/><\/a><\/div><!-- .post-thumb --><div class=\"top-meta clearfix\"><ul class=\"nav top-meta-list meta-left\"><li><div class=\"post-category\"><span class=\"before-icon fa fa-folder-o\"><\/span><a href=\"https:\/\/cppaanb.ca\/en\/category\/diversity\/\">Diversity<\/a>,<a href=\"https:\/\/cppaanb.ca\/en\/category\/inclusion\/\">Inclusion<\/a><\/div><\/li><li><div class=\"post-date\"><a href=\"https:\/\/cppaanb.ca\/en\/2023\/10\/01\/\" ><i class=\"icon icon-calendar\"><\/i> October 1, 2023<\/a><\/div><\/li><\/ul><\/div><div class=\"entry-title\"><h3 class=\"post-title-head\"><a href=\"https:\/\/cppaanb.ca\/en\/canada-national-truth-reconciliation-day\/\" class=\"post-title\">Canada celebrate National Truth and Reconciliation Day<\/a><\/h3><\/div><!-- .entry-title --><div class=\"bottom-meta clearfix\"><ul class=\"nav bottom-meta-list meta-left\"><li><div class=\"post-more\"><a href=\"https:\/\/cppaanb.ca\/en\/canada-national-truth-reconciliation-day\/\" class=\"read-more elementor-button\">Learn More<\/a><\/div><\/li><\/ul><\/div><\/div><!-- .blog-inner --><\/div><!-- .col \/ .owl-carousel-item \/ .isotope --><div class=\"owl-carousel-item\"><div class=\"blog-inner\"><div class=\"post-thumb\"><a href=\"https:\/\/cppaanb.ca\/en\/3rd-session-of-the-united-nations-permanent-forum-on-people-of-african-descent\/\" class=\"post-image-link\"><img decoding=\"async\" src=\"https:\/\/cppaanb.ca\/en\/wp-content\/uploads\/elementor\/thumbs\/3e-session-UN--qmsviewrt6iw2tnwtrea3qgf8ig2ugdckz2whkxyt4.png\" title=\"3e-session-UN-\" alt=\"\" class=\"img-fluid squared img-fluid squared img-fluid squared img-fluid squared img-fluid squared\" \/><\/a><\/div><!-- .post-thumb --><div class=\"top-meta clearfix\"><ul class=\"nav top-meta-list meta-left\"><li><div class=\"post-category\"><span class=\"before-icon fa fa-folder-o\"><\/span><a href=\"https:\/\/cppaanb.ca\/en\/category\/diversity\/\">Diversity<\/a>,<a href=\"https:\/\/cppaanb.ca\/en\/category\/inclusion\/\">Inclusion<\/a><\/div><\/li><li><div class=\"post-date\"><a href=\"https:\/\/cppaanb.ca\/en\/2024\/04\/16\/\" ><i class=\"icon icon-calendar\"><\/i> April 16, 2024<\/a><\/div><\/li><\/ul><\/div><div class=\"entry-title\"><h3 class=\"post-title-head\"><a href=\"https:\/\/cppaanb.ca\/en\/3rd-session-of-the-united-nations-permanent-forum-on-people-of-african-descent\/\" class=\"post-title\">The NBPCPAD present at the Third Session of the Permanent Forum on African Descent<\/a><\/h3><\/div><!-- .entry-title --><div class=\"bottom-meta clearfix\"><ul class=\"nav bottom-meta-list meta-left\"><li><div class=\"post-more\"><a href=\"https:\/\/cppaanb.ca\/en\/3rd-session-of-the-united-nations-permanent-forum-on-people-of-african-descent\/\" class=\"read-more elementor-button\">Learn More<\/a><\/div><\/li><\/ul><\/div><\/div><!-- .blog-inner --><\/div><!-- .col \/ .owl-carousel-item \/ .isotope --><div class=\"owl-carousel-item\"><div class=\"blog-inner\"><div class=\"post-thumb\"><a href=\"https:\/\/cppaanb.ca\/en\/black-history-spotlight-mary-matilda-winslow-1867-1941\/\" class=\"post-image-link\"><img decoding=\"async\" src=\"https:\/\/cppaanb.ca\/en\/wp-content\/uploads\/elementor\/thumbs\/640-red-carnation-flowers-and-roses-are-laid-on-a-marble-slab-in-the-rain-at-sunset-2-qpjtpr2dywideavd5x4nazg7532o59nh6rikob769k.jpg\" title=\"\" alt=\"\" class=\"img-fluid squared img-fluid squared img-fluid squared img-fluid squared img-fluid squared img-fluid squared\" \/><\/a><\/div><!-- .post-thumb --><div class=\"top-meta clearfix\"><ul class=\"nav top-meta-list meta-left\"><li><div class=\"post-category\"><span class=\"before-icon fa fa-folder-o\"><\/span><a href=\"https:\/\/cppaanb.ca\/en\/category\/diversity\/\">Diversity<\/a>,<a href=\"https:\/\/cppaanb.ca\/en\/category\/education\/\">Education<\/a>,<a href=\"https:\/\/cppaanb.ca\/en\/category\/inclusion\/\">Inclusion<\/a><\/div><\/li><li><div class=\"post-date\"><a href=\"https:\/\/cppaanb.ca\/en\/2024\/06\/12\/\" ><i class=\"icon icon-calendar\"><\/i> June 12, 2024<\/a><\/div><\/li><\/ul><\/div><div class=\"entry-title\"><h3 class=\"post-title-head\"><a href=\"https:\/\/cppaanb.ca\/en\/black-history-spotlight-mary-matilda-winslow-1867-1941\/\" class=\"post-title\">Black History Spotlight: Mary Matilda Winslow (1867-1941)<\/a><\/h3><\/div><!-- .entry-title --><div class=\"bottom-meta clearfix\"><ul class=\"nav bottom-meta-list meta-left\"><li><div class=\"post-more\"><a href=\"https:\/\/cppaanb.ca\/en\/black-history-spotlight-mary-matilda-winslow-1867-1941\/\" class=\"read-more elementor-button\">Learn More<\/a><\/div><\/li><\/ul><\/div><\/div><!-- .blog-inner --><\/div><!-- .col \/ .owl-carousel-item \/ .isotope --><\/div><!-- .owl-carousel -->\t\t\t\r\n\t\t<\/div>\r\n\t\t\t\t<\/div>\n\t\t\t\t\t<\/div>\n\t\t<\/div>\n\t\t\t\t\t<\/div>\n\t\t<\/section>\n\t\t<div class=\"elementor-element elementor-element-d181559 e-flex e-con-boxed e-con e-parent\" data-id=\"d181559\" data-element_type=\"container\">\n\t\t\t\t\t<div class=\"e-con-inner\">\n\t\t\t\t<div class=\"elementor-element elementor-element-c443f8b elementor-widget elementor-widget-menu-anchor\" data-id=\"c443f8b\" data-element_type=\"widget\" data-widget_type=\"menu-anchor.default\">\n\t\t\t\t<div class=\"elementor-widget-container\">\n\t\t\t<style>\/*! elementor - v3.21.0 - 08-05-2024 *\/\nbody.elementor-page .elementor-widget-menu-anchor{margin-bottom:0}<\/style>\t\t<div class=\"elementor-menu-anchor\" id=\"upcoming-events\"><\/div>\n\t\t\t\t<\/div>\n\t\t\t\t<\/div>\n\t\t\t\t<div class=\"elementor-element elementor-element-94cbe9e animated-fast cea-tablet-align-center cea-mobile-align-center cea-align-center cea-separator-type-normal elementor-invisible elementor-widget elementor-widget-ceasectiontitle\" data-id=\"94cbe9e\" data-element_type=\"widget\" data-settings=\"{&quot;_animation&quot;:&quot;fadeInUp&quot;}\" data-widget_type=\"ceasectiontitle.default\">\n\t\t\t\t<div class=\"elementor-widget-container\">\n\t\t\t<div class=\"section-title-wrapper\"><div class=\"title-wrap\"><div class=\"sub-title\">Our Events<\/div><h2 class=\"section-title\">Upcoming Events<\/h2><div class=\"elementor-divider\"><span class=\"elementor-divider-separator\"><\/span><\/div><\/div><!-- .title-wrap --><div class=\"section-description\"><\/div><!-- .section-description --><\/div><!-- .section-title-wrapper -->\t\t<\/div>\n\t\t\t\t<\/div>\n\t\t\t\t\t<\/div>\n\t\t\t\t<\/div>\n\t\t<div class=\"elementor-element elementor-element-da9a11d e-flex e-con-boxed e-con e-parent\" data-id=\"da9a11d\" data-element_type=\"container\">\n\t\t\t\t\t<div class=\"e-con-inner\">\n\t\t\t\t<div class=\"elementor-element elementor-element-e5f734f elementor-widget elementor-widget-ceaevent\" data-id=\"e5f734f\" data-element_type=\"widget\" data-widget_type=\"ceaevent.default\">\n\t\t\t\t\r\n\t\t<div class=\"elementor-widget-container event-wrapper event-style-classic-pro event-light event-slide-model\">\r\n\t\t\r\n\t\t\t<div class=\"cea-carousel owl-carousel\" data-loop=\"1\" data-margin=\"10\" data-center=\"0\" data-nav=\"1\" data-dots=\"0\" data-autoplay=\"1\" data-items=\"3\" data-items-tab=\"1\" data-items-mob=\"1\" data-duration=\"5000\" data-smartspeed=\"250\" data-scrollby=\"1\" data-autoheight=\"0\"><div class=\"owl-carousel-item\" ><div class=\"event-inner\"><div class=\"post-thumb\"><a href=\"https:\/\/cppaanb.ca\/en\/event\/reflexion-day\/\" class=\"post-image-link\"><img decoding=\"async\" src=\"https:\/\/cppaanb.ca\/en\/wp-content\/uploads\/2023\/10\/right-1-1.jpg\" title=\"right&#8211;\" alt=\"\" class=\"img-fluid squared\" \/><\/a><\/div><!-- .post-thumb --><div class=\"post-details-outer\"><div class=\"entry-title\"><h3 class=\"post-title-head\"><a href=\"https:\/\/cppaanb.ca\/en\/event\/reflexion-day\/\" class=\"post-title\">Reflexion Day<\/a><\/h3><\/div><!-- .entry-title --><div class=\"top-meta clearfix\"><ul class=\"nav top-meta-list meta-left\"><li><div class=\"post-date\"><a href=\"https:\/\/cppaanb.ca\/en\/2023\/10\/21\/\" ><i class=\"icon icon-calendar\"><\/i> October 21, 2023<\/a><\/div><\/li><\/ul><\/div><div class=\"event-address\"><address><i class=\"ti-location-pin\"><\/i>505 Rue du College, Dieppe, NB E1A 6X2, Canada<\/address><\/div><div class=\"post-excerpt\"><p>Lorem Ipsum\u00a0is simply dummy text of the printing and typesetting industry. Lorem Ipsum has been the industry&#8217;s standard dummy text ever since the 1500s, when an unknown printer took a galley of type and scrambled it to make a type specimen book. It has survived not only five centuries, but also the leap into electronic typesetting, remaining essentially unchanged. It..<\/p>\n<\/div><!-- .post-excerpt --><\/div><!-- .post-details-outer --><\/div><!-- .event-inner --><\/div><!-- .col \/ .owl-carousel-item \/ .isotope --><div class=\"owl-carousel-item\" ><div class=\"event-inner\"><div class=\"post-thumb\"><a href=\"https:\/\/cppaanb.ca\/en\/event\/reflexion-day-3\/\" class=\"post-image-link\"><img decoding=\"async\" src=\"https:\/\/cppaanb.ca\/en\/wp-content\/uploads\/2023\/10\/right-1-1.jpg\" title=\"right&#8211;\" alt=\"\" class=\"img-fluid squared img-fluid squared\" \/><\/a><\/div><!-- .post-thumb --><div class=\"post-details-outer\"><div class=\"entry-title\"><h3 class=\"post-title-head\"><a href=\"https:\/\/cppaanb.ca\/en\/event\/reflexion-day-3\/\" class=\"post-title\">Reflexion Day 3<\/a><\/h3><\/div><!-- .entry-title --><div class=\"top-meta clearfix\"><ul class=\"nav top-meta-list meta-left\"><li><div class=\"post-date\"><a href=\"https:\/\/cppaanb.ca\/en\/2023\/11\/07\/\" ><i class=\"icon icon-calendar\"><\/i> November 7, 2023<\/a><\/div><\/li><\/ul><\/div><div class=\"event-address\"><address><i class=\"ti-location-pin\"><\/i>505 Rue du College, Dieppe, NB E1A 6X2, Canada<\/address><\/div><div class=\"post-excerpt\"><p>Lorem Ipsum\u00a0is simply dummy text of the printing and typesetting industry. Lorem Ipsum has been the industry&#8217;s standard dummy text ever since the 1500s, when an unknown printer took a galley of type and scrambled it to make a type specimen book. It has survived not only five centuries, but also the leap into electronic typesetting, remaining essentially unchanged. It..<\/p>\n<\/div><!-- .post-excerpt --><\/div><!-- .post-details-outer --><\/div><!-- .event-inner --><\/div><!-- .col \/ .owl-carousel-item \/ .isotope --><div class=\"owl-carousel-item\" ><div class=\"event-inner\"><div class=\"post-thumb\"><a href=\"https:\/\/cppaanb.ca\/en\/event\/reflexion-day-4\/\" class=\"post-image-link\"><img decoding=\"async\" src=\"https:\/\/cppaanb.ca\/en\/wp-content\/uploads\/2023\/10\/right-1-1.jpg\" title=\"right&#8211;\" alt=\"\" class=\"img-fluid squared img-fluid squared img-fluid squared\" \/><\/a><\/div><!-- .post-thumb --><div class=\"post-details-outer\"><div class=\"entry-title\"><h3 class=\"post-title-head\"><a href=\"https:\/\/cppaanb.ca\/en\/event\/reflexion-day-4\/\" class=\"post-title\">Reflexion Day 4<\/a><\/h3><\/div><!-- .entry-title --><div class=\"top-meta clearfix\"><ul class=\"nav top-meta-list meta-left\"><li><div class=\"post-date\"><a href=\"https:\/\/cppaanb.ca\/en\/2023\/11\/07\/\" ><i class=\"icon icon-calendar\"><\/i> November 7, 2023<\/a><\/div><\/li><\/ul><\/div><div class=\"event-address\"><address><i class=\"ti-location-pin\"><\/i>505 Rue du College, Dieppe, NB E1A 6X2, Canada<\/address><\/div><div class=\"post-excerpt\"><p>Lorem Ipsum\u00a0is simply dummy text of the printing and typesetting industry. Lorem Ipsum has been the industry&#8217;s standard dummy text ever since the 1500s, when an unknown printer took a galley of type and scrambled it to make a type specimen book. It has survived not only five centuries, but also the leap into electronic typesetting, remaining essentially unchanged. It..<\/p>\n<\/div><!-- .post-excerpt --><\/div><!-- .post-details-outer --><\/div><!-- .event-inner --><\/div><!-- .col \/ .owl-carousel-item \/ .isotope --><div class=\"owl-carousel-item\" ><div class=\"event-inner\"><div class=\"post-thumb\"><a href=\"https:\/\/cppaanb.ca\/en\/event\/reflexion-day-2\/\" class=\"post-image-link\"><img decoding=\"async\" src=\"https:\/\/cppaanb.ca\/en\/wp-content\/uploads\/2023\/10\/right-1-1.jpg\" title=\"right&#8211;\" alt=\"\" class=\"img-fluid squared img-fluid squared img-fluid squared img-fluid squared\" \/><\/a><\/div><!-- .post-thumb --><div class=\"post-details-outer\"><div class=\"entry-title\"><h3 class=\"post-title-head\"><a href=\"https:\/\/cppaanb.ca\/en\/event\/reflexion-day-2\/\" class=\"post-title\">Reflexion Day 2<\/a><\/h3><\/div><!-- .entry-title --><div class=\"top-meta clearfix\"><ul class=\"nav top-meta-list meta-left\"><li><div class=\"post-date\"><a href=\"https:\/\/cppaanb.ca\/en\/2023\/11\/07\/\" ><i class=\"icon icon-calendar\"><\/i> November 7, 2023<\/a><\/div><\/li><\/ul><\/div><div class=\"event-address\"><address><i class=\"ti-location-pin\"><\/i>505 Rue du College, Dieppe, NB E1A 6X2, Canada<\/address><\/div><div class=\"post-excerpt\"><p>Lorem Ipsum\u00a0is simply dummy text of the printing and typesetting industry. Lorem Ipsum has been the industry&#8217;s standard dummy text ever since the 1500s, when an unknown printer took a galley of type and scrambled it to make a type specimen book. It has survived not only five centuries, but also the leap into electronic typesetting, remaining essentially unchanged. It..<\/p>\n<\/div><!-- .post-excerpt --><\/div><!-- .post-details-outer --><\/div><!-- .event-inner --><\/div><!-- .col \/ .owl-carousel-item \/ .isotope --><\/div><!-- .owl-carousel -->\t\t\t\r\n\t\t<\/div>\r\n\t\t\t\t<\/div>\n\t\t\t\t\t<\/div>\n\t\t\t\t<\/div>\n\t\t<div class=\"elementor-element elementor-element-74f2686 e-flex e-con-boxed e-con e-parent\" data-id=\"74f2686\" data-element_type=\"container\">\n\t\t\t\t\t<div class=\"e-con-inner\">\n\t\t\t\t<div class=\"elementor-element elementor-element-b53f5b1 elementor-widget elementor-widget-menu-anchor\" data-id=\"b53f5b1\" data-element_type=\"widget\" data-widget_type=\"menu-anchor.default\">\n\t\t\t\t<div class=\"elementor-widget-container\">\n\t\t\t\t\t<div class=\"elementor-menu-anchor\" id=\"job-opportunities\"><\/div>\n\t\t\t\t<\/div>\n\t\t\t\t<\/div>\n\t\t\t\t<div class=\"elementor-element elementor-element-93cee8d animated-fast cea-tablet-align-center cea-mobile-align-center cea-align-center cea-separator-type-normal elementor-invisible elementor-widget elementor-widget-ceasectiontitle\" data-id=\"93cee8d\" data-element_type=\"widget\" data-settings=\"{&quot;_animation&quot;:&quot;fadeInUp&quot;}\" data-widget_type=\"ceasectiontitle.default\">\n\t\t\t\t<div class=\"elementor-widget-container\">\n\t\t\t<div class=\"section-title-wrapper\"><div class=\"title-wrap\"><div class=\"sub-title\">Job offer<\/div><h2 class=\"section-title\">Job Opportunities<\/h2><div class=\"elementor-divider\"><span class=\"elementor-divider-separator\"><\/span><\/div><\/div><!-- .title-wrap --><div class=\"section-description\"><\/div><!-- .section-description --><\/div><!-- .section-title-wrapper -->\t\t<\/div>\n\t\t\t\t<\/div>\n\t\t\t\t\t<\/div>\n\t\t\t\t<\/div>\n\t\t<div class=\"elementor-element elementor-element-ff7c3bd e-flex e-con-boxed e-con e-parent\" data-id=\"ff7c3bd\" data-element_type=\"container\">\n\t\t\t\t\t<div class=\"e-con-inner\">\n\t\t\t\t<div class=\"elementor-element elementor-element-2bbb409 elementor-widget elementor-widget-text-editor\" data-id=\"2bbb409\" data-element_type=\"widget\" data-widget_type=\"text-editor.default\">\n\t\t\t\t<div class=\"elementor-widget-container\">\n\t\t\t<style>\/*! elementor - v3.21.0 - 08-05-2024 *\/\n.elementor-widget-text-editor.elementor-drop-cap-view-stacked .elementor-drop-cap{background-color:#69727d;color:#fff}.elementor-widget-text-editor.elementor-drop-cap-view-framed .elementor-drop-cap{color:#69727d;border:3px solid;background-color:transparent}.elementor-widget-text-editor:not(.elementor-drop-cap-view-default) .elementor-drop-cap{margin-top:8px}.elementor-widget-text-editor:not(.elementor-drop-cap-view-default) .elementor-drop-cap-letter{width:1em;height:1em}.elementor-widget-text-editor .elementor-drop-cap{float:left;text-align:center;line-height:1;font-size:50px}.elementor-widget-text-editor .elementor-drop-cap-letter{display:inline-block}<\/style>\t\t\t\t<p style=\"text-align: center;\">No Jobs available now&#8230;<\/p>\t\t\t\t\t\t<\/div>\n\t\t\t\t<\/div>\n\t\t\t\t\t<\/div>\n\t\t\t\t<\/div>\n\t\t<div class=\"elementor-element elementor-element-f752c81 e-flex e-con-boxed e-con e-parent\" data-id=\"f752c81\" data-element_type=\"container\">\n\t\t\t\t\t<div class=\"e-con-inner\">\n\t\t<div class=\"elementor-element elementor-element-2267fc5 e-con-full e-flex e-con e-child\" data-id=\"2267fc5\" data-element_type=\"container\">\n\t\t\t\t<\/div>\n\t\t<div class=\"elementor-element elementor-element-34022dc e-con-full e-flex e-con e-child\" data-id=\"34022dc\" data-element_type=\"container\">\n\t\t<div class=\"elementor-element elementor-element-718cbac e-flex e-con-boxed e-con e-child\" data-id=\"718cbac\" data-element_type=\"container\">\n\t\t\t\t\t<div class=\"e-con-inner\">\n\t\t\t\t\t<\/div>\n\t\t\t\t<\/div>\n\t\t<div class=\"elementor-element elementor-element-6f94845 e-flex e-con-boxed e-con e-child\" data-id=\"6f94845\" data-element_type=\"container\">\n\t\t\t\t\t<div class=\"e-con-inner\">\n\t\t\t\t\t<\/div>\n\t\t\t\t<\/div>\n\t\t\t\t<\/div>\n\t\t\t\t\t<\/div>\n\t\t\t\t<\/div>\n\t\t\t\t<\/div>\n\t\t","protected":false},"excerpt":{"rendered":"<p>Blog &#8211; Articles &#8211; News Lastest Updates of Our Blog Community June 19, 2023 First Black President of the NB Human Rights Commission Learn More Diversity,Inclusion August 1, 2023 Le Canada c\u00e9l\u00e8bre la Journ\u00e9e de l&#8217;\u00e9mancipation Learn More Diversity,Inclusion August 31, 2023 International Day of African&#8217;s Descent Learn More Diversity,Inclusion October 1, 2023 Canada celebrate National Truth and Reconciliation Day..<\/p>\n","protected":false},"author":1,"featured_media":0,"parent":0,"menu_order":0,"comment_status":"closed","ping_status":"closed","template":"","meta":{"footnotes":""},"class_list":["post-16225","page","type-page","status-publish","hentry"],"_links":{"self":[{"href":"https:\/\/cppaanb.ca\/en\/wp-json\/wp\/v2\/pages\/16225","targetHints":{"allow":["GET"]}}],"collection":[{"href":"https:\/\/cppaanb.ca\/en\/wp-json\/wp\/v2\/pages"}],"about":[{"href":"https:\/\/cppaanb.ca\/en\/wp-json\/wp\/v2\/types\/page"}],"author":[{"embeddable":true,"href":"https:\/\/cppaanb.ca\/en\/wp-json\/wp\/v2\/users\/1"}],"replies":[{"embeddable":true,"href":"https:\/\/cppaanb.ca\/en\/wp-json\/wp\/v2\/comments?post=16225"}],"version-history":[{"count":41,"href":"https:\/\/cppaanb.ca\/en\/wp-json\/wp\/v2\/pages\/16225\/revisions"}],"predecessor-version":[{"id":36057,"href":"https:\/\/cppaanb.ca\/en\/wp-json\/wp\/v2\/pages\/16225\/revisions\/36057"}],"wp:attachment":[{"href":"https:\/\/cppaanb.ca\/en\/wp-json\/wp\/v2\/media?parent=16225"}],"curies":[{"name":"wp","href":"https:\/\/api.w.org\/{rel}","templated":true}]}}